{"id":11,"date":"2014-03-13T16:09:55","date_gmt":"2014-03-13T16:09:55","guid":{"rendered":"http:\/\/spjadowniki.ibip.info\/?page_id=11"},"modified":"2014-06-02T11:16:52","modified_gmt":"2014-06-02T09:16:52","slug":"redakcja","status":"publish","type":"page","link":"https:\/\/spjadowniki.ibip.info\/?page_id=11","title":{"rendered":"Redakcja"},"content":{"rendered":"<p>Osob\u0105 odpowiedzialn\u0105 za wprowadzanie, aktualizacj\u0119 danych zawartych w niniejszym Biuletynie Informacji Publicznej jest: Gra\u017cyna Staszewska<\/p>\n","protected":false},"excerpt":{"rendered":"<p>Osob\u0105 odpowiedzialn\u0105 za wprowadzanie, aktualizacj\u0119 danych zawartych w niniejszym Biuletynie Informacji Publicznej jest: Gra\u017cyna Staszewska<\/p>\n","protected":false},"author":2,"featured_media":0,"parent":0,"menu_order":0,"comment_status":"closed","ping_status":"open","template":"","meta":{"_expiration-date-status":"saved","_expiration-date":0,"_expiration-date-type":"","_expiration-date-categories":[],"_expiration-date-options":[]},"_links":{"self":[{"href":"https:\/\/spjadowniki.ibip.info\/index.php?rest_route=\/wp\/v2\/pages\/11"}],"collection":[{"href":"https:\/\/spjadowniki.ibip.info\/index.php?rest_route=\/wp\/v2\/pages"}],"about":[{"href":"https:\/\/spjadowniki.ibip.info\/index.php?rest_route=\/wp\/v2\/types\/page"}],"author":[{"embeddable":true,"href":"https:\/\/spjadowniki.ibip.info\/index.php?rest_route=\/wp\/v2\/users\/2"}],"replies":[{"embeddable":true,"href":"https:\/\/spjadowniki.ibip.info\/index.php?rest_route=%2Fwp%2Fv2%2Fcomments&post=11"}],"version-history":[{"count":1,"href":"https:\/\/spjadowniki.ibip.info\/index.php?rest_route=\/wp\/v2\/pages\/11\/revisions"}],"predecessor-version":[{"id":178,"href":"https:\/\/spjadowniki.ibip.info\/index.php?rest_route=\/wp\/v2\/pages\/11\/revisions\/178"}],"wp:attachment":[{"href":"https:\/\/spjadowniki.ibip.info\/index.php?rest_route=%2Fwp%2Fv2%2Fmedia&parent=11"}],"curies":[{"name":"wp","href":"https:\/\/api.w.org\/{rel}","templated":true}]}}