{"id":14,"date":"2014-03-13T16:09:55","date_gmt":"2014-03-13T16:09:55","guid":{"rendered":"http:\/\/spjadowniki.ibip.info\/?page_id=14"},"modified":"2014-03-13T16:09:55","modified_gmt":"2014-03-13T16:09:55","slug":"prawo","status":"publish","type":"page","link":"https:\/\/spjadowniki.ibip.info\/?page_id=14","title":{"rendered":"Prawo"},"content":{"rendered":"<ul>\n<li><a href=\"http:\/\/www.bip.gov.pl\/articles\/view\/41\" target=\"_blank\">Ustawa o dost\u0119pie do informacji publicznej<\/a><br \/>\n<em>Podstawowy akt prawny reguluj\u0105cy zasady dost\u0119pu do informacji publicznej w Polsce.<\/em><\/li>\n<li><a href=\"http:\/\/www.bip.gov.pl\/articles\/view\/42\" target=\"_blank\">Rozporz\u0105dzenie w sprawie Biuletynu Informacji Publicznej<\/a><br \/>\n<em>Podstawowy akt wykonawczy reguluj\u0105cy funkcjonowanie BIP.<\/em><\/li>\n<li><a href=\"http:\/\/www.bip.gov.pl\/articles\/view\/52\" target=\"_blank\">Krajowe Ramy Interoperacyjno\u015bci<\/a><br \/>\n<em>Rozporz\u0105dzenie Rady Ministr\u00f3w z dnia 12 kwietnia 2012 r. w sprawie Krajowych Ram Interoperacyjno\u015bci&#8230;<\/em><\/li>\n<\/ul>\n<p>&nbsp;<\/p>\n","protected":false},"excerpt":{"rendered":"<p>Ustawa o dost\u0119pie do informacji publicznej Podstawowy akt prawny reguluj\u0105cy zasady dost\u0119pu do informacji publicznej w Polsce. Rozporz\u0105dzenie w sprawie Biuletynu Informacji Publicznej Podstawowy akt wykonawczy reguluj\u0105cy funkcjonowanie BIP. Krajowe Ramy Interoperacyjno\u015bci Rozporz\u0105dzenie Rady&#46;&#46;&#46;<\/p>\n","protected":false},"author":2,"featured_media":0,"parent":0,"menu_order":0,"comment_status":"closed","ping_status":"open","template":"","meta":{"_expiration-date-status":"saved","_expiration-date":0,"_expiration-date-type":"","_expiration-date-categories":[],"_expiration-date-options":[]},"_links":{"self":[{"href":"https:\/\/spjadowniki.ibip.info\/index.php?rest_route=\/wp\/v2\/pages\/14"}],"collection":[{"href":"https:\/\/spjadowniki.ibip.info\/index.php?rest_route=\/wp\/v2\/pages"}],"about":[{"href":"https:\/\/spjadowniki.ibip.info\/index.php?rest_route=\/wp\/v2\/types\/page"}],"author":[{"embeddable":true,"href":"https:\/\/spjadowniki.ibip.info\/index.php?rest_route=\/wp\/v2\/users\/2"}],"replies":[{"embeddable":true,"href":"https:\/\/spjadowniki.ibip.info\/index.php?rest_route=%2Fwp%2Fv2%2Fcomments&post=14"}],"version-history":[{"count":0,"href":"https:\/\/spjadowniki.ibip.info\/index.php?rest_route=\/wp\/v2\/pages\/14\/revisions"}],"wp:attachment":[{"href":"https:\/\/spjadowniki.ibip.info\/index.php?rest_route=%2Fwp%2Fv2%2Fmedia&parent=14"}],"curies":[{"name":"wp","href":"https:\/\/api.w.org\/{rel}","templated":true}]}}