{"id":36,"date":"2014-03-13T16:09:55","date_gmt":"2014-03-13T16:09:55","guid":{"rendered":"http:\/\/spjadowniki.ibip.info\/?page_id=36"},"modified":"2014-12-03T14:34:44","modified_gmt":"2014-12-03T13:34:44","slug":"zasieg-terytorialny","status":"publish","type":"page","link":"https:\/\/spjadowniki.ibip.info\/?page_id=36","title":{"rendered":"Zasi\u0119g terytorialny"},"content":{"rendered":"<p>Obw\u00f3d Szko\u0142y Podstawowej w Jadownikach obejmuje nast\u0119puj\u0105ce miejscowo\u015bci:<br \/>\nJadowniki- klasy I \u2013 VI<\/p>\n<p>Jaw\u00f3r Stary &#8211; klasy I-VI<\/p>\n<p>\u0179r\u00f3d\u0142o: Uchwa\u0142a nr XXI\/216\/12 Rady Gminy w Paw\u0142owie z dnia 25 wrze\u015bnia 2012r.<\/p>\n","protected":false},"excerpt":{"rendered":"<p>Obw\u00f3d Szko\u0142y Podstawowej w Jadownikach obejmuje nast\u0119puj\u0105ce miejscowo\u015bci: Jadowniki- klasy I \u2013 VI Jaw\u00f3r Stary &#8211; klasy I-VI \u0179r\u00f3d\u0142o: Uchwa\u0142a nr XXI\/216\/12 Rady Gminy w Paw\u0142owie z dnia 25 wrze\u015bnia 2012r.<\/p>\n","protected":false},"author":2,"featured_media":0,"parent":0,"menu_order":0,"comment_status":"closed","ping_status":"open","template":"","meta":{"_expiration-date-status":"saved","_expiration-date":0,"_expiration-date-type":"","_expiration-date-categories":[],"_expiration-date-options":[]},"_links":{"self":[{"href":"https:\/\/spjadowniki.ibip.info\/index.php?rest_route=\/wp\/v2\/pages\/36"}],"collection":[{"href":"https:\/\/spjadowniki.ibip.info\/index.php?rest_route=\/wp\/v2\/pages"}],"about":[{"href":"https:\/\/spjadowniki.ibip.info\/index.php?rest_route=\/wp\/v2\/types\/page"}],"author":[{"embeddable":true,"href":"https:\/\/spjadowniki.ibip.info\/index.php?rest_route=\/wp\/v2\/users\/2"}],"replies":[{"embeddable":true,"href":"https:\/\/spjadowniki.ibip.info\/index.php?rest_route=%2Fwp%2Fv2%2Fcomments&post=36"}],"version-history":[{"count":2,"href":"https:\/\/spjadowniki.ibip.info\/index.php?rest_route=\/wp\/v2\/pages\/36\/revisions"}],"predecessor-version":[{"id":195,"href":"https:\/\/spjadowniki.ibip.info\/index.php?rest_route=\/wp\/v2\/pages\/36\/revisions\/195"}],"wp:attachment":[{"href":"https:\/\/spjadowniki.ibip.info\/index.php?rest_route=%2Fwp%2Fv2%2Fmedia&parent=36"}],"curies":[{"name":"wp","href":"https:\/\/api.w.org\/{rel}","templated":true}]}}