{"id":40,"date":"2014-03-13T16:09:55","date_gmt":"2014-03-13T16:09:55","guid":{"rendered":"http:\/\/spjadowniki.ibip.info\/?page_id=40"},"modified":"2023-09-10T17:13:14","modified_gmt":"2023-09-10T15:13:14","slug":"organy-szkoly","status":"publish","type":"page","link":"https:\/\/spjadowniki.ibip.info\/?page_id=40","title":{"rendered":"Organy szko\u0142y"},"content":{"rendered":"<p>Organami szko\u0142y zgodnie ze Statutem s\u0105:<br \/>\n1. Dyrektor szko\u0142y,<br \/>\n2. Rada Pedagogiczna,<br \/>\n3. Rada Rodzic\u00f3w,<br \/>\n4. Samorz\u0105d Uczniowski,<\/p>\n<p><strong>Dyrektor szko\u0142y<\/strong><br \/>\nmgr Agnieszka J\u0119drzejczyk-Skimina<\/p>\n<p><strong>Rada Rodzic\u00f3w &#8211; rok szkolny 2023\/2024<\/strong><br \/>\nPrzewodnicz\u0105ca:<br \/>\nZast\u0119pca Przewodnicz\u0105cej:<br \/>\nSkarbnik:<\/p>\n<p><strong>Samorz\u0105d Uczniowski &#8211; rok szkolny 2023\/2024<\/strong><br \/>\nPrzewodnicz\u0105ca:<br \/>\nZast\u0119pca:<br \/>\nSkarbnik:<\/p>\n","protected":false},"excerpt":{"rendered":"<p>Organami szko\u0142y zgodnie ze Statutem s\u0105: 1. Dyrektor szko\u0142y, 2. Rada Pedagogiczna, 3. Rada Rodzic\u00f3w, 4. Samorz\u0105d Uczniowski, Dyrektor szko\u0142y mgr Agnieszka J\u0119drzejczyk-Skimina Rada Rodzic\u00f3w &#8211; rok szkolny 2023\/2024 Przewodnicz\u0105ca: Zast\u0119pca Przewodnicz\u0105cej: Skarbnik: Samorz\u0105d&#46;&#46;&#46;<\/p>\n","protected":false},"author":2,"featured_media":0,"parent":0,"menu_order":0,"comment_status":"closed","ping_status":"open","template":"","meta":{"_expiration-date-status":"saved","_expiration-date":0,"_expiration-date-type":"","_expiration-date-categories":[],"_expiration-date-options":[]},"_links":{"self":[{"href":"https:\/\/spjadowniki.ibip.info\/index.php?rest_route=\/wp\/v2\/pages\/40"}],"collection":[{"href":"https:\/\/spjadowniki.ibip.info\/index.php?rest_route=\/wp\/v2\/pages"}],"about":[{"href":"https:\/\/spjadowniki.ibip.info\/index.php?rest_route=\/wp\/v2\/types\/page"}],"author":[{"embeddable":true,"href":"https:\/\/spjadowniki.ibip.info\/index.php?rest_route=\/wp\/v2\/users\/2"}],"replies":[{"embeddable":true,"href":"https:\/\/spjadowniki.ibip.info\/index.php?rest_route=%2Fwp%2Fv2%2Fcomments&post=40"}],"version-history":[{"count":6,"href":"https:\/\/spjadowniki.ibip.info\/index.php?rest_route=\/wp\/v2\/pages\/40\/revisions"}],"predecessor-version":[{"id":408,"href":"https:\/\/spjadowniki.ibip.info\/index.php?rest_route=\/wp\/v2\/pages\/40\/revisions\/408"}],"wp:attachment":[{"href":"https:\/\/spjadowniki.ibip.info\/index.php?rest_route=%2Fwp%2Fv2%2Fmedia&parent=40"}],"curies":[{"name":"wp","href":"https:\/\/api.w.org\/{rel}","templated":true}]}}