{"id":44,"date":"2014-03-13T16:09:55","date_gmt":"2014-03-13T16:09:55","guid":{"rendered":"http:\/\/spjadowniki.ibip.info\/?page_id=44"},"modified":"2022-09-21T19:54:02","modified_gmt":"2022-09-21T17:54:02","slug":"godziny-pracy","status":"publish","type":"page","link":"https:\/\/spjadowniki.ibip.info\/?page_id=44","title":{"rendered":"Godziny pracy"},"content":{"rendered":"<p>Publiczna Szko\u0142a Podstawowa w Jadownikach pracuje od poniedzia\u0142ku do pi\u0105tku w godzinach od 07:00 do 16:20.<\/p>\n","protected":false},"excerpt":{"rendered":"<p>Publiczna Szko\u0142a Podstawowa w Jadownikach pracuje od poniedzia\u0142ku do pi\u0105tku w godzinach od 07:00 do 16:20.<\/p>\n","protected":false},"author":2,"featured_media":0,"parent":0,"menu_order":0,"comment_status":"closed","ping_status":"open","template":"","meta":{"_expiration-date-status":"saved","_expiration-date":0,"_expiration-date-type":"","_expiration-date-categories":[],"_expiration-date-options":[]},"_links":{"self":[{"href":"https:\/\/spjadowniki.ibip.info\/index.php?rest_route=\/wp\/v2\/pages\/44"}],"collection":[{"href":"https:\/\/spjadowniki.ibip.info\/index.php?rest_route=\/wp\/v2\/pages"}],"about":[{"href":"https:\/\/spjadowniki.ibip.info\/index.php?rest_route=\/wp\/v2\/types\/page"}],"author":[{"embeddable":true,"href":"https:\/\/spjadowniki.ibip.info\/index.php?rest_route=\/wp\/v2\/users\/2"}],"replies":[{"embeddable":true,"href":"https:\/\/spjadowniki.ibip.info\/index.php?rest_route=%2Fwp%2Fv2%2Fcomments&post=44"}],"version-history":[{"count":2,"href":"https:\/\/spjadowniki.ibip.info\/index.php?rest_route=\/wp\/v2\/pages\/44\/revisions"}],"predecessor-version":[{"id":383,"href":"https:\/\/spjadowniki.ibip.info\/index.php?rest_route=\/wp\/v2\/pages\/44\/revisions\/383"}],"wp:attachment":[{"href":"https:\/\/spjadowniki.ibip.info\/index.php?rest_route=%2Fwp%2Fv2%2Fmedia&parent=44"}],"curies":[{"name":"wp","href":"https:\/\/api.w.org\/{rel}","templated":true}]}}