{"id":50,"date":"2014-03-13T16:09:55","date_gmt":"2014-03-13T16:09:55","guid":{"rendered":"http:\/\/spjadowniki.ibip.info\/?page_id=50"},"modified":"2020-11-05T18:46:57","modified_gmt":"2020-11-05T17:46:57","slug":"finanse-szkoly","status":"publish","type":"page","link":"https:\/\/spjadowniki.ibip.info\/?page_id=50","title":{"rendered":"Finanse szko\u0142y"},"content":{"rendered":"<p>Publiczna Szko\u0142a Podstawowa w Jadownikach dzia\u0142a jako jednostka bud\u017cetowa Gminy Paw\u0142\u00f3w.<br \/>\nSzko\u0142a jest jednostk\u0105 bud\u017cetow\u0105, posiada roczny plan finansowy, kt\u00f3ry jest cz\u0119\u015bci\u0105 bud\u017cetu gminy, prowadzi gospodark\u0119 finansow\u0105 oraz materia\u0142ow\u0105 zgodnie z zasadami prawa finansowego.<\/p>\n","protected":false},"excerpt":{"rendered":"<p>Publiczna Szko\u0142a Podstawowa w Jadownikach dzia\u0142a jako jednostka bud\u017cetowa Gminy Paw\u0142\u00f3w. Szko\u0142a jest jednostk\u0105 bud\u017cetow\u0105, posiada roczny plan finansowy, kt\u00f3ry jest cz\u0119\u015bci\u0105 bud\u017cetu gminy, prowadzi gospodark\u0119 finansow\u0105 oraz materia\u0142ow\u0105 zgodnie z zasadami prawa finansowego.<\/p>\n","protected":false},"author":2,"featured_media":0,"parent":0,"menu_order":0,"comment_status":"closed","ping_status":"open","template":"","meta":{"_expiration-date-status":"saved","_expiration-date":0,"_expiration-date-type":"","_expiration-date-categories":[],"_expiration-date-options":[]},"_links":{"self":[{"href":"https:\/\/spjadowniki.ibip.info\/index.php?rest_route=\/wp\/v2\/pages\/50"}],"collection":[{"href":"https:\/\/spjadowniki.ibip.info\/index.php?rest_route=\/wp\/v2\/pages"}],"about":[{"href":"https:\/\/spjadowniki.ibip.info\/index.php?rest_route=\/wp\/v2\/types\/page"}],"author":[{"embeddable":true,"href":"https:\/\/spjadowniki.ibip.info\/index.php?rest_route=\/wp\/v2\/users\/2"}],"replies":[{"embeddable":true,"href":"https:\/\/spjadowniki.ibip.info\/index.php?rest_route=%2Fwp%2Fv2%2Fcomments&post=50"}],"version-history":[{"count":3,"href":"https:\/\/spjadowniki.ibip.info\/index.php?rest_route=\/wp\/v2\/pages\/50\/revisions"}],"predecessor-version":[{"id":272,"href":"https:\/\/spjadowniki.ibip.info\/index.php?rest_route=\/wp\/v2\/pages\/50\/revisions\/272"}],"wp:attachment":[{"href":"https:\/\/spjadowniki.ibip.info\/index.php?rest_route=%2Fwp%2Fv2%2Fmedia&parent=50"}],"curies":[{"name":"wp","href":"https:\/\/api.w.org\/{rel}","templated":true}]}}